{"id":70,"date":"2015-04-22T17:29:51","date_gmt":"2015-04-22T20:29:51","guid":{"rendered":"http:\/\/localhost\/martel_site\/?page_id=70"},"modified":"2019-08-14T15:57:17","modified_gmt":"2019-08-14T18:57:17","slug":"servicos","status":"publish","type":"page","link":"https:\/\/www.aeromartel.com.br\/pt\/servicos\/","title":{"rendered":"Servi\u00e7os"},"content":{"rendered":"<h2>Dentre os servic\u0327os oferecidos, podemos destacar:<\/h2>\n<ul>\n<li>Habilita\u00e7\u00e3o de empresas n\u00e3o regulares junto a ANAC;<\/li>\n<li><a href=\"http:\/\/www.aeromartel.com.br\/pt\/eventos\/\">Autoriza\u00e7\u00f5es de voo<\/a>;<\/li>\n<li>Obtenc\u0327a\u0303o de autorizac\u0327a\u0303o de voos na\u0303o regulares (charter) e sobrevoos de passageiros ou carga, em conformidade com a Resolu\u00e7\u00e3o 440\/2017);<\/li>\n<li>Providenciar registro no SIAVANAC de notifica\u00e7\u00f5es de pousos t\u00e9cnicos e sobrevoo de passageiros ou carga;<\/li>\n<li>Coordenac\u0327a\u0303o de SLOTS junto ao Comite\u0302 de facilitac\u0327a\u0303o na ANAC e aeroportos n\u00edvel 2;<\/li>\n<li>Assessoria, consultoria e representac\u0327a\u0303o legal dos interesses de empresas ae\u0301reas, nacionais e estrangeiras, perante as autoridades aerona\u0301uticas, civis, INFRAERO e demais administradores aeroportua\u0301rios;<\/li>\n<li>Acompanhamento dos fo\u0301runs de estabelecimento de acordos bilaterais e direitos ae\u0301reos internacionais;<\/li>\n<li>Obtenc\u0327a\u0303o de autorizac\u0327a\u0303o de voos na Ame\u0301rica do Sul e Central;<\/li>\n<li>Obtenc\u0327a\u0303o de certido\u0303es negativas junto ANAC;<\/li>\n<li>Obtenc\u0327a\u0303o de autorizac\u0327a\u0303o de funcionamento juri\u0301dico e operacional de empresa ae\u0301rea estrangeira no Brasil (artigo 206 a 211 do CBA, Decreto no 92.319 e RBAC 129);<\/li>\n<li>Coordenac\u0327a\u0303o do processo de obtenc\u0327a\u0303o de registro de filiais de empresas ae\u0301reas estrangeiras no Brasil;<\/li>\n<li>Registro e vi\u0301nculo no SINTAC;<\/li>\n<li>Elabora\u00e7\u00e3o, apresenta\u00e7\u00e3o e atualiza\u00e7\u00e3o de Especifica\u00e7\u00f5es Operativas &#8211; EO;<\/li>\n<li>Apresentac\u0327a\u0303o do relato\u0301rio do registro de tarifas;<\/li>\n<li>Elaborac\u0327a\u0303o e apresentac\u0327a\u0303o do relato\u0301rio de estati\u0301sticas (voos regulares e n\u00e3o regulares);<\/li>\n<li>Elaborac\u0327a\u0303o e apresentac\u0327a\u0303o do BAV;<\/li>\n<li>Apresentac\u0327a\u0303o e acompanhamento de processo de alterac\u0327a\u0303o contratual, contratos de wetlease, codeshare, interchange, etc;<\/li>\n<li>Elaborac\u0327a\u0303o de defesas e\/ou recursos administrativos (autos de infrac\u0327a\u0303o);<\/li>\n<li>Suporte legal atrave\u0301s de nossos advogados na defesa dos interesses dos clientes na esfera da Aviac\u0327a\u0303o Civil (ANAC, INFRAERO, DECEA, Poli\u0301cia Federal e ANVISA);<\/li>\n<li>Suporte legal em processos judicias, atrave\u0301s de parceria;<\/li>\n<li>Constituic\u0327a\u0303o de empresas de linhas ae\u0301reas regulares e na\u0303o regulares;<\/li>\n<li>Auditorias em empresas ae\u0301reas e ou aero\u0301dromos;<\/li>\n<li>Transfere\u0302ncia de propriedades de aeronaves;<\/li>\n<li>Registros de aeronaves;<\/li>\n<li>Consultoria para construc\u0327a\u0303o de helipontos;<\/li>\n<li>Homologac\u0327a\u0303o de oficinas de manutenc\u0327a\u0303o;<\/li>\n<li>Acompanhamentos de processos em geral junto a ANAC;<\/li>\n<\/ul>\n<p>&nbsp;<\/p>\n<h2>SERVIC\u0327OS EM PARCERIAS<\/h2>\n<p>Com o objetivo de proporcionar aos seus clientes o melhor atendimento em todas as etapas da operac\u0327a\u0303o, a Martel conta com profissionais experientes, devidamente habilitados, trabalhando em sistema de parceria em todo o territo\u0301rio brasileiro. Esse sistema permite aos clientes da Martel agilizar suas operac\u0327o\u0303es e reduzir os custos com os servic\u0327os auxiliares de transporte ae\u0301reo, tais como:<\/p>\n<ul>\n<li>MANTRA (Sistema Integrado de Gere\u0302ncia de Manifesto do Tra\u0302nsito e do Armazenamento, utilizado pela Receita Federal para atracac\u0327a\u0303o de carga de importac\u0327a\u0303o).<\/li>\n<li>SISCOMEX. (Sistema Integrado de Come\u0301rcio Exterior, utilizado pela Receita Federal para liberac\u0327a\u0303o de carga de exportac\u0327a\u0303o).<\/li>\n<li>Servic\u0327os de Handling (Rampa, assist\u00eancia a tripulantes e passageiros).<\/li>\n<li>Credenciamento de empresas ae\u0301reas junto a Receita Federal.<\/li>\n<li>Acompanhamento de processos junto a Receita Federal.<\/li>\n<li>\u201cPaletizac\u0327a\u0303o\u201d.<\/li>\n<li>Suporte aos Tripulantes em tra\u0302nsito por profissionais fluentes na li\u0301ngua inglesa.<\/li>\n<li>Entrega de documentos.<\/li>\n<li>Recebimento de Delivery Fee.<\/li>\n<li>Servic\u0327os de Protec\u0327a\u0303o contra atos de interfere\u0302ncia ili\u0301cita.<\/li>\n<li>Elaborac\u0327a\u0303o de PSOA &#8211; Programa de Seguranc\u0327a de Empresa Ae\u0301rea.<\/li>\n<li>Elaborac\u0327a\u0303o de SGSO \u2013 Manual de Sistema de Gerenciamento de Seguranc\u0327a Operacional.<\/li>\n<li>Plano de Controle de Qualidade e Seguranc\u0327a<\/li>\n<li>Projetos aeroportua\u0301rios.<\/li>\n<li>Planos Diretores de Aeroportos.<\/li>\n<li>Estudos e viabilidade de concessa\u0303o a\u0300 iniciativa privada.<\/li>\n<\/ul>\n<h3>E mais:<\/h3>\n<ul>\n<li>Obtenc\u0327a\u0303o de autorizac\u0327o\u0303es de voos na Ame\u0301rica do Sul e Ame\u0301rica Central, exceto Argentina. Suporte legal em processos judiciais.<\/li>\n<li>Suporte conta\u0301bil e Fiscal.<\/li>\n<\/ul>\n<p>&nbsp;<\/p>\n<p>Fale conosco que encontraremos as melhores alternativas!<\/p>\n","protected":false},"excerpt":{"rendered":"<p>Dentre os servic\u0327os oferecidos, podemos destacar: Habilita\u00e7\u00e3o de empresas n\u00e3o regulares junto a ANAC; Autoriza\u00e7\u00f5es de voo; Obtenc\u0327a\u0303o de autorizac\u0327a\u0303o de voos na\u0303o regulares (charter) e sobrevoos de passageiros ou carga, em conformidade com a Resolu\u00e7\u00e3o 440\/2017); Providenciar registro no SIAVANAC de notifica\u00e7\u00f5es de pousos t\u00e9cnicos e sobrevoo de passageiros ou carga; Coordenac\u0327a\u0303o de SLOTS [&hellip;]<\/p>\n","protected":false},"author":1,"featured_media":0,"parent":0,"menu_order":31,"comment_status":"open","ping_status":"closed","template":"modelo-servicos.php","meta":{"_locale":"pt_BR","_original_post":"6","footnotes":""},"class_list":["post-70","page","type-page","status-publish","hentry","pt-BR"],"_links":{"self":[{"href":"https:\/\/www.aeromartel.com.br\/wp-json\/wp\/v2\/pages\/70"}],"collection":[{"href":"https:\/\/www.aeromartel.com.br\/wp-json\/wp\/v2\/pages"}],"about":[{"href":"https:\/\/www.aeromartel.com.br\/wp-json\/wp\/v2\/types\/page"}],"author":[{"embeddable":true,"href":"https:\/\/www.aeromartel.com.br\/wp-json\/wp\/v2\/users\/1"}],"replies":[{"embeddable":true,"href":"https:\/\/www.aeromartel.com.br\/wp-json\/wp\/v2\/comments?post=70"}],"version-history":[{"count":9,"href":"https:\/\/www.aeromartel.com.br\/wp-json\/wp\/v2\/pages\/70\/revisions"}],"predecessor-version":[{"id":489,"href":"https:\/\/www.aeromartel.com.br\/wp-json\/wp\/v2\/pages\/70\/revisions\/489"}],"wp:attachment":[{"href":"https:\/\/www.aeromartel.com.br\/wp-json\/wp\/v2\/media?parent=70"}],"curies":[{"name":"wp","href":"https:\/\/api.w.org\/{rel}","templated":true}]}}