{"id":46,"date":"2015-04-22T11:27:29","date_gmt":"2015-04-22T14:27:29","guid":{"rendered":"http:\/\/localhost\/martel_site\/?page_id=46"},"modified":"2019-08-09T14:57:31","modified_gmt":"2019-08-09T17:57:31","slug":"eventos","status":"publish","type":"page","link":"https:\/\/www.aeromartel.com.br\/pt\/eventos\/","title":{"rendered":"Autoriza\u00e7\u00e3o de voo"},"content":{"rendered":"<h2>Autoriza\u00e7\u00e3o de voo<\/h2>\n<p>&nbsp;<\/p>\n<p>A Martel Assessoria \u00e9 uma empresa especializada em obter autoriza\u00e7\u00f5es de voos para empresas n\u00e3o-regulares e regulares no Brasil, e Am\u00e9rica do Sul (exceto Argentina) e Central.<\/p>\n<p>&nbsp;<\/p>\n<p><strong>Autoriza\u00e7\u00f5es de voos\/comercial<\/strong><\/p>\n<p>&nbsp;<\/p>\n<p>As opera\u00e7\u00f5es de voos n\u00e3o-regulares de car\u00e1ter comercial (charter, pouso t\u00e9cnico ou sobrevoo) demandam a concess\u00e3o de autoriza\u00e7\u00f5es de voo, cujo processo se inicia com o registro da empresa perante a ANAC e seu v\u00ednculo no SIROS (para voos charters) e no SIAVANAC (para pousos t\u00e9cnicos e sobrevoo). Para tanto, se faz necess\u00e1ria a apresenta\u00e7\u00e3o da documenta\u00e7\u00e3o abaixo listada:<\/p>\n<p>&nbsp;<\/p>\n<ul>\n<li>Procura\u00e7\u00e3o (modelo padr\u00e3o dispon\u00edvel ap\u00f3s contato);<\/li>\n<li>Certificado de seguro vigente;<\/li>\n<li>FOP 129-3 \u2013 modelo padr\u00e3o dispon\u00edvel;<\/li>\n<li>COA;<\/li>\n<li>C\u00f3pia digitalizada das Especifica\u00e7\u00f5es Operativas &#8211; EO;<\/li>\n<li>Declara\u00e7\u00e3o de PSOA (modelo padr\u00e3o dispon\u00edvel);<\/li>\n<\/ul>\n<p>&nbsp;<\/p>\n<p>O novo processo de registro de empresas a\u00e9reas estrangeiras implementado pela ANAC em Fev\/2017, acrescentou mais procedimentos (tradu\u00e7\u00e3o juramentada e registro no cart\u00f3rio de t\u00edtulos e documentos &#8211; RTD) e, ainda, estabeleceu prazo para sua conclus\u00e3o na referida ag\u00eancia reguladora de no m\u00ednimo 15 dias \u00fateis. Assim, uma vez que a empresa tenha planos ou possibilidades de voos para o Brasil, sugerimos providenciar a documenta\u00e7\u00e3o para registro com a m\u00e1xima anteced\u00eancia poss\u00edvel. Ap\u00f3s o mencionado registro, autoriza\u00e7\u00f5es de voo s\u00e3o emitidas em um prazo de 24 a 48 horas ap\u00f3s sua solicita\u00e7\u00e3o.<\/p>\n<p>&nbsp;<\/p>\n<p><strong>Autoriza\u00e7\u00f5es de voos n\u00e3o comerciais (AVANAC N)<\/strong><\/p>\n<p>&nbsp;<\/p>\n<p>Tratam-se de solicita\u00e7\u00f5es para pouso e perman\u00eancia em territ\u00f3rio Brasileiro somente para voos n\u00e3o-remunerados, privados ou t\u00e1xi a\u00e9reos estrangeiros. Seguem listados abaixo os documentos necess\u00e1rios, a saber:<\/p>\n<p>&nbsp;<\/p>\n<ul>\n<li>Certificado de Registro<\/li>\n<li>Nacionalidade da aeronave<\/li>\n<li>N\u00famero de s\u00e9rie<\/li>\n<li>Certificado de Aeronavegabilidade<\/li>\n<li>Peso M\u00e1ximo de decolagem<\/li>\n<li>Cetificado de seguro e n\u00famero da ap\u00f3lice<\/li>\n<li>Nome e endere\u00e7o completo do operador<\/li>\n<li>Nome complete do piloto no comando (PIC) \/ licen\u00e7a \/ certificado m\u00e9dico<\/li>\n<li>Nome complete do segundo piloto (SIC) \/ licen\u00e7a \/ certificado m\u00e9dico<\/li>\n<li>Informa\u00e7\u00e3o sobre o pr\u00f3posito do voo<\/li>\n<\/ul>\n<p>&nbsp;<\/p>\n<p>Para informa\u00e7\u00f5es sobre autoriza\u00e7\u00f5es de voos na Am\u00e9rica do Sul e Central entre em contato conosco.<\/p>\n","protected":false},"excerpt":{"rendered":"<p>Autoriza\u00e7\u00e3o de voo &nbsp; A Martel Assessoria \u00e9 uma empresa especializada em obter autoriza\u00e7\u00f5es de voos para empresas n\u00e3o-regulares e regulares no Brasil, e Am\u00e9rica do Sul (exceto Argentina) e Central. &nbsp; Autoriza\u00e7\u00f5es de voos\/comercial &nbsp; As opera\u00e7\u00f5es de voos n\u00e3o-regulares de car\u00e1ter comercial (charter, pouso t\u00e9cnico ou sobrevoo) demandam a concess\u00e3o de autoriza\u00e7\u00f5es de [&hellip;]<\/p>\n","protected":false},"author":1,"featured_media":0,"parent":0,"menu_order":61,"comment_status":"open","ping_status":"closed","template":"modelo-eventos.php","meta":{"_locale":"pt_BR","_original_post":"9","footnotes":""},"class_list":["post-46","page","type-page","status-publish","hentry","pt-BR"],"_links":{"self":[{"href":"https:\/\/www.aeromartel.com.br\/wp-json\/wp\/v2\/pages\/46"}],"collection":[{"href":"https:\/\/www.aeromartel.com.br\/wp-json\/wp\/v2\/pages"}],"about":[{"href":"https:\/\/www.aeromartel.com.br\/wp-json\/wp\/v2\/types\/page"}],"author":[{"embeddable":true,"href":"https:\/\/www.aeromartel.com.br\/wp-json\/wp\/v2\/users\/1"}],"replies":[{"embeddable":true,"href":"https:\/\/www.aeromartel.com.br\/wp-json\/wp\/v2\/comments?post=46"}],"version-history":[{"count":12,"href":"https:\/\/www.aeromartel.com.br\/wp-json\/wp\/v2\/pages\/46\/revisions"}],"predecessor-version":[{"id":472,"href":"https:\/\/www.aeromartel.com.br\/wp-json\/wp\/v2\/pages\/46\/revisions\/472"}],"wp:attachment":[{"href":"https:\/\/www.aeromartel.com.br\/wp-json\/wp\/v2\/media?parent=46"}],"curies":[{"name":"wp","href":"https:\/\/api.w.org\/{rel}","templated":true}]}}