{"id":246,"date":"2015-04-27T16:48:51","date_gmt":"2015-04-27T19:48:51","guid":{"rendered":"http:\/\/localhost\/martel_site\/?page_id=246"},"modified":"2015-04-28T14:59:31","modified_gmt":"2015-04-28T17:59:31","slug":"administracao-aeroportuaria","status":"publish","type":"page","link":"https:\/\/www.aeromartel.com.br\/pt\/administracao-aeroportuaria\/","title":{"rendered":"ADMINISTRA\u00c7\u00c3O AEROPORTU\u00c1RIA"},"content":{"rendered":"","protected":true},"excerpt":{"rendered":"","protected":true},"author":1,"featured_media":0,"parent":0,"menu_order":0,"comment_status":"open","ping_status":"closed","template":"modelo-administracao-aeroportuaria.php","meta":{"_locale":"pt_BR","_original_post":"246","footnotes":""},"class_list":["post-246","page","type-page","status-publish","post-password-required","hentry","pt-BR"],"_links":{"self":[{"href":"https:\/\/www.aeromartel.com.br\/wp-json\/wp\/v2\/pages\/246"}],"collection":[{"href":"https:\/\/www.aeromartel.com.br\/wp-json\/wp\/v2\/pages"}],"about":[{"href":"https:\/\/www.aeromartel.com.br\/wp-json\/wp\/v2\/types\/page"}],"author":[{"embeddable":true,"href":"https:\/\/www.aeromartel.com.br\/wp-json\/wp\/v2\/users\/1"}],"replies":[{"embeddable":true,"href":"https:\/\/www.aeromartel.com.br\/wp-json\/wp\/v2\/comments?post=246"}],"version-history":[{"count":2,"href":"https:\/\/www.aeromartel.com.br\/wp-json\/wp\/v2\/pages\/246\/revisions"}],"predecessor-version":[{"id":280,"href":"https:\/\/www.aeromartel.com.br\/wp-json\/wp\/v2\/pages\/246\/revisions\/280"}],"wp:attachment":[{"href":"https:\/\/www.aeromartel.com.br\/wp-json\/wp\/v2\/media?parent=246"}],"curies":[{"name":"wp","href":"https:\/\/api.w.org\/{rel}","templated":true}]}}