{"id":2,"date":"2015-04-20T16:27:25","date_gmt":"2015-04-20T19:27:25","guid":{"rendered":"http:\/\/localhost\/martel_site\/?page_id=2"},"modified":"2025-05-12T17:07:51","modified_gmt":"2025-05-12T20:07:51","slug":"inicial","status":"publish","type":"page","link":"https:\/\/www.aeromartel.com.br\/","title":{"rendered":"Inicial"},"content":{"rendered":"<h2>Notifica\u00e7\u00e3o aos amigos, clientes e parceiros<\/h2>\n<p>Queridos amigos, parceiros, clientes e provedores de servi\u00e7os,<\/p>\n<p>\u00c9 com grande pesar e tristeza que informamos que nosso querido Luiz , Luiz Carlos Gomes nosso Gerente de Opera\u00e7\u00f5es, faleceu no domingo, dia 11 de maio de 2025.<\/p>\n<p>Somos muito orgulhosos e honrados de termos testemunhado, por mais de 25 anos, a gentileza e compet\u00eancia com as quais o Luiz se dedicava ao seu trabalho.<\/p>\n<p>Infelizmente, por essa raz\u00e3o, estamos descontinuando o endere\u00e7o de e-mail <a href=\"mailto:luiz@aeromartel.com.br\">luiz@aeromartel.com.br<\/a> e o uso do n\u00famero de celular 55 21 98258-7573 , \u00e0 partir desta data.<\/p>\n<p>Para futuras comunica\u00e7\u00f5es, por favor continuem nos contatando atrav\u00e9s de nossos outros endere\u00e7os de e-mail e n\u00fameros de celular, conforme abaixo:<\/p>\n<p><strong>Departamento de Opera\u00e7\u00f5es<\/strong><\/p>\n<p><a href=\"mailto:pedro@aeromartel.com.br\">pedro@aeromartel.com.br<\/a> \u2013 55 21 98751 3940<\/p>\n<p><a href=\"mailto:ops@aeromartel.com.br\">ops@aeromartel.com.br<\/a><\/p>\n<p><a href=\"mailto:artur@aeromartel.com.br\">artur@aeromartel.com.br<\/a> \u2013 55 21 99222 1509<\/p>\n<p><a href=\"mailto:tatiana@aeromartel.com.br\">tatiana@aeromartel.com.br<\/a> \u2013 55 21 98148 6698<\/p>\n<p><strong>Departamento Financeiro<\/strong><\/p>\n<p><a href=\"mailto:financeiro@aeromartel.com.br\">financeiro@aeromartel.com.br<\/a> \u2013 55 21 99862 0798<\/p>\n<p><a href=\"mailto:tatiana@aeromartel.com.br\">tatiana@aeromartel.com.br<\/a> \u2013 55 21 98148 6698<\/p>\n<p><strong>Departamento Jur\u00eddico<\/strong><\/p>\n<p><a href=\"mailto:paulla@aeromartel.com.br\">paulla@aeromartel.com.br<\/a> \u2013 55 21 99208 0892<\/p>\n<p><a href=\"mailto:tatiana@aeromartel.com.br\">tatiana@aeromartel.com.br<\/a> \u2013 55 21 98148 6698<\/p>\n","protected":false},"excerpt":{"rendered":"<p>Notifica\u00e7\u00e3o aos amigos, clientes e parceiros Queridos amigos, parceiros, clientes e provedores de servi\u00e7os, \u00c9 com grande pesar e tristeza que informamos que nosso querido Luiz , Luiz Carlos Gomes nosso Gerente de Opera\u00e7\u00f5es, faleceu no domingo, dia 11 de maio de 2025. Somos muito orgulhosos e honrados de termos testemunhado, por mais de 25 [&hellip;]<\/p>\n","protected":false},"author":1,"featured_media":0,"parent":0,"menu_order":11,"comment_status":"open","ping_status":"closed","template":"modelo-inicial.php","meta":{"_locale":"pt_BR","_original_post":"2","footnotes":""},"class_list":["post-2","page","type-page","status-publish","hentry","pt-BR"],"_links":{"self":[{"href":"https:\/\/www.aeromartel.com.br\/wp-json\/wp\/v2\/pages\/2"}],"collection":[{"href":"https:\/\/www.aeromartel.com.br\/wp-json\/wp\/v2\/pages"}],"about":[{"href":"https:\/\/www.aeromartel.com.br\/wp-json\/wp\/v2\/types\/page"}],"author":[{"embeddable":true,"href":"https:\/\/www.aeromartel.com.br\/wp-json\/wp\/v2\/users\/1"}],"replies":[{"embeddable":true,"href":"https:\/\/www.aeromartel.com.br\/wp-json\/wp\/v2\/comments?post=2"}],"version-history":[{"count":33,"href":"https:\/\/www.aeromartel.com.br\/wp-json\/wp\/v2\/pages\/2\/revisions"}],"predecessor-version":[{"id":677,"href":"https:\/\/www.aeromartel.com.br\/wp-json\/wp\/v2\/pages\/2\/revisions\/677"}],"wp:attachment":[{"href":"https:\/\/www.aeromartel.com.br\/wp-json\/wp\/v2\/media?parent=2"}],"curies":[{"name":"wp","href":"https:\/\/api.w.org\/{rel}","templated":true}]}}