{"id":72,"date":"2015-04-22T17:35:05","date_gmt":"2015-04-22T20:35:05","guid":{"rendered":"http:\/\/localhost\/martel_site\/?page_id=72"},"modified":"2019-08-15T10:39:19","modified_gmt":"2019-08-15T13:39:19","slug":"servicios","status":"publish","type":"page","link":"https:\/\/www.aeromartel.com.br\/es\/servicios\/","title":{"rendered":"Servicios"},"content":{"rendered":"<h2>Dentro de los servicios ofrecidos, podemos destacar:<\/h2>\n<ul>\n<li>Calificaci\u00f3n de empresas no regulares ante la ANAC;<\/li>\n<li><a href=\"http:\/\/www.aeromartel.com.br\/es\/eventos\/\">Permisos para vuelos<\/a>;<\/li>\n<li>Obtencio\u0301n de autorizacio\u0301n de vuelos no regulares (charter)\u00a0 y sobrevuelos de pasajeros o carga de acuerdo con la Resoluci\u00f3n 440\/2017;<\/li>\n<li>Proporcionar registro en el SIAVANAC de notificaciones de aterrizajes t\u00e9cnicos y sobrevuelos de pasajero o carga;<\/li>\n<li>Coordinacio\u0301n de slots perante Comite\u0301 de facilitacio\u0301n en ANAC y aeropuertos nivel 2;<\/li>\n<li>Asesori\u0301a, consultori\u0301a y representacio\u0301n legal de los intereses de empresas ae\u0301reas, nacionales y extranjeras, ante las autoridades aerona\u0301uticas civiles, INFRAERO y dema\u0301s administradores aeroportuarios;<\/li>\n<li>Acompan\u0303amiento de los foros de establecimiento de acuerdos bilaterales y derechos ae\u0301reos internacionales;<\/li>\n<li>Obtencio\u0301n de autorizacio\u0301n de vuelos en Ame\u0301rica del Sur y Central;<\/li>\n<li>Obtencio\u0301n de certificados negativos ante la ANAC;<\/li>\n<li>Obtencio\u0301n de autorizacio\u0301n de funcionamiento juri\u0301dico y operacional de empresas ae\u0301reas extranjeras en Brasil (arti\u0301culo 206 a 211 del CBA, Decreto no 92.319 y RBAC 129);<\/li>\n<li>Coordinacio\u0301n del proceso de obtencio\u0301n de registro de filiales de empresas ae\u0301reas extranjeras en Brasil;<\/li>\n<li>Registro y vi\u0301nculo en SINTAC;<\/li>\n<li>Elaboraci\u00f3n, presentaci\u00f3n y actualizaci\u00f3n de las especificaciones operativas &#8211; EO;<\/li>\n<li>Presentacio\u0301n del relatori\u0301a del registro de tarifas;<\/li>\n<li>Elaboracio\u0301n y presentacio\u0301n del informe estadi\u0301stico (vuelos regulares y no regulares);<\/li>\n<li>Elaboracio\u0301n y presentacio\u0301n del BAV;<\/li>\n<li>Presentacio\u0301n y acompan\u0303amiento del proceso de alteracio\u0301n contractual, contratos de wetlease, codeshare, interchange, etc;<\/li>\n<li>Elaboracio\u0301n de defensas y\/o recursos administrativos (autos de infracci\u0301on);<\/li>\n<li>Soporte legal a trave\u0301s de nuestros abogados en la defensa de los intereses de los clientes en la esfera de Aviacio\u0301n Civil (ANAC, INFRAERO, DECEA, Polici\u0301a Federal y ANVISA);<\/li>\n<li>Soporte legal en procesos judiciales, a trave\u0301s de asociacio\u0301n.<\/li>\n<li>Constitucio\u0301n de empresas de li\u0301neas ae\u0301reas regulares y no regulares;<\/li>\n<li>Auditori\u0301as en empresas ae\u0301reas y o aero\u0301dromos;<\/li>\n<li>Transferencia de propiedades de aeronaves;<\/li>\n<li>Registros de aeronaves;<\/li>\n<li>Consultori\u0301a para contruccio\u0301n de helipuntos;<\/li>\n<li>Homologacio\u0301n de oficinas de mantenimiento;<\/li>\n<li>Acompan\u0303amiento de procesos en general junto a ANAC;<\/li>\n<\/ul>\n<p>&nbsp;<\/p>\n<h2>SERVICIOS EN ASOCIACION<\/h2>\n<p>Con el objetivo de proporcionar a sus clientes la mejor atencio\u0301n en todas las etapas de la operacio\u0301n, Martel cuenta con profesionales experientes, debidamente habilitados, trabajando en sistema de asociacio\u0301n en todo el territorio brasilen\u0303o. Ese sistema permite a los clientes de Martel agilizar sus operaciones y reducir los costos con los servicios auxiliares de transporte ae\u0301reo, tales como:<\/p>\n<ul>\n<li>MANTRA. (Sistema Integrado de Gerencia de Manifiesto de Tra\u0301nsito y de Almacenamiento, utilizado por Receta Federal para atraccio\u0301n de carga de importacio\u0301n.)<\/li>\n<li>SISCOMEX. (Sistema Integrado de Comercio Exterior, utilizado por la Receta Federal para liberacio\u0301n de carga de exportacio\u0301n)<\/li>\n<li>Servicios de Handling (rampa, asistencia a la tripulaci\u00f3n y pasajeros);<\/li>\n<li>Acompan\u0303amiento de procesos junto a La Receta Federal.<\/li>\n<li>\u201cPaletizacio\u0301n\u201d.<\/li>\n<li>Soporte a los Tripulantes en tra\u0301nsito por profesionales fluentes en la lengua inglesa. &#8211; Entrega de documentos.- Recibimiento de Delivery Fee.<\/li>\n<li>Servicios de Proteccio\u0301n contra actos de interferencia ili\u0301cita.<\/li>\n<li>Elaboracio\u0301n de PSOA &#8211; Programa de Seguridad de Empresa Ae\u0301rea.<\/li>\n<li>Elaboracio\u0301n de SGSO \u2013 Manual de Sistema de Gerenciamiento de Seguridad Operacional. &#8211; Plan de Control de Cualidad Y Seguridad<\/li>\n<li>Proyectos aeroportuarios.<\/li>\n<li>Planos Directores de Aeropuertos.<\/li>\n<li>Estudios y viabilidad de concesio\u0301n a la iniciativa privada.<\/li>\n<\/ul>\n<h3>Y ma\u0301s:<\/h3>\n<ul>\n<li>Obtencio\u0301n de autorizaciones de vuelos en Ame\u0301rica del Sur y Ame\u0301rica Central, excepto Argentina<\/li>\n<li>Soporte legal en procesos judiciales.<\/li>\n<li>Soporte contable y Fiscal.<\/li>\n<\/ul>\n<p>&nbsp;<\/p>\n<p>Hable con nosotros que encontraremos las mejores alternativas!<\/p>\n","protected":false},"excerpt":{"rendered":"<p>Dentro de los servicios ofrecidos, podemos destacar: Calificaci\u00f3n de empresas no regulares ante la ANAC; Permisos para vuelos; Obtencio\u0301n de autorizacio\u0301n de vuelos no regulares (charter)\u00a0 y sobrevuelos de pasajeros o carga de acuerdo con la Resoluci\u00f3n 440\/2017; Proporcionar registro en el SIAVANAC de notificaciones de aterrizajes t\u00e9cnicos y sobrevuelos de pasajero o carga; Coordinacio\u0301n [&hellip;]<\/p>\n","protected":false},"author":1,"featured_media":0,"parent":0,"menu_order":32,"comment_status":"open","ping_status":"closed","template":"modelo-servicos.php","meta":{"_locale":"es_ES","_original_post":"6","footnotes":""},"class_list":["post-72","page","type-page","status-publish","hentry","es-ES"],"_links":{"self":[{"href":"https:\/\/www.aeromartel.com.br\/wp-json\/wp\/v2\/pages\/72"}],"collection":[{"href":"https:\/\/www.aeromartel.com.br\/wp-json\/wp\/v2\/pages"}],"about":[{"href":"https:\/\/www.aeromartel.com.br\/wp-json\/wp\/v2\/types\/page"}],"author":[{"embeddable":true,"href":"https:\/\/www.aeromartel.com.br\/wp-json\/wp\/v2\/users\/1"}],"replies":[{"embeddable":true,"href":"https:\/\/www.aeromartel.com.br\/wp-json\/wp\/v2\/comments?post=72"}],"version-history":[{"count":12,"href":"https:\/\/www.aeromartel.com.br\/wp-json\/wp\/v2\/pages\/72\/revisions"}],"predecessor-version":[{"id":496,"href":"https:\/\/www.aeromartel.com.br\/wp-json\/wp\/v2\/pages\/72\/revisions\/496"}],"wp:attachment":[{"href":"https:\/\/www.aeromartel.com.br\/wp-json\/wp\/v2\/media?parent=72"}],"curies":[{"name":"wp","href":"https:\/\/api.w.org\/{rel}","templated":true}]}}