{"id":48,"date":"2015-04-22T11:35:38","date_gmt":"2015-04-22T14:35:38","guid":{"rendered":"http:\/\/localhost\/martel_site\/?page_id=48"},"modified":"2019-08-15T10:52:16","modified_gmt":"2019-08-15T13:52:16","slug":"eventos","status":"publish","type":"page","link":"https:\/\/www.aeromartel.com.br\/es\/eventos\/","title":{"rendered":"Permiso de vuelo"},"content":{"rendered":"<h2>Permiso de vuelo<\/h2>\n<p>&nbsp;<\/p>\n<p>Martel Asesor\u00eda es una empresa especializada en obtener autorizaciones de vuelos para empresas no regulares y regulares en Brasil, y Am\u00e9rica del Sur (excepto Argentina) y Central.<\/p>\n<p>&nbsp;<\/p>\n<p><strong>Permisos de vuelos \/ comerciales<\/strong><\/p>\n<p>Las operaciones de vuelos no regulares de car\u00e1cter comercial (charter, aterrizaje t\u00e9cnico o sobrevuelo) demandan la concesi\u00f3n de autorizaciones de vuelo, cuyo proceso se inicia con el registro de la empresa ante la ANAC y su v\u00ednculo en SIROS (para vuelos charteres) y en el SIAVANAC (para aterrizajes tecnicos y sobrevuelos). Para ello, se hace necesaria la presentaci\u00f3n de la siguiente documentaci\u00f3n:<\/p>\n<ul>\n<li>Poder (modelo est\u00e1ndar disponible despu\u00e9s del contacto);<\/li>\n<li>Certificado de seguro vigente;<\/li>\n<li>FOP 129-3 &#8211; modelo disponible;<\/li>\n<li>COA;<\/li>\n<li>Copia escaneada de las especificaciones operativas &#8211; EO;<\/li>\n<li>Declaraci\u00f3n de PSOA (modelo disponible).<\/li>\n<\/ul>\n<p>&nbsp;<\/p>\n<p>El nuevo proceso de registro de empresas a\u00e9reas extranjeras implementado por ANAC en febrero de 2017, hizo inclusi\u00f3n de m\u00e1s procedimientos (traducci\u00f3n juramentada y registro en la oficina de t\u00edtulos y documentos &#8211; RTD) y, adem\u00e1s, estableci\u00f3 plazo para su conclusi\u00f3n en dicha agencia reguladora de al menos 15 d\u00edas h\u00e1biles. As\u00ed, una vez que la empresa tenga planes o posibilidades de vuelos a Brasil, le sugerimos proveer la documentaci\u00f3n para registrarse con la m\u00e1xima anticipaci\u00f3n posible. Despu\u00e9s del mencionado registro, las autorizaciones de vuelo se emiten en un plazo de 24 a 48 horas despu\u00e9s de su solicitud.<\/p>\n<p>&nbsp;<\/p>\n<p><strong>Permisos de vuelos no comerciales (AVANAC N)<\/strong><\/p>\n<p>Se trata de solicitudes para aterrizaje y permanencia en territorio brasile\u00f1o solamente para vuelos no comerciales, privados o taxi a\u00e9reo extranjero. A continuaci\u00f3n se enumeran los documentos necesarios, a saber:<\/p>\n<ul>\n<li>Certificado de registro;<\/li>\n<li>Nacionalidad de la aeronave;<\/li>\n<li>N\u00famero de serie;<\/li>\n<li>Certificado de Aeronavegabilidad;<\/li>\n<li>Peso m\u00e1ximo de despegue;<\/li>\n<li>Certificado de seguro y n\u00famero de p\u00f3liza;<\/li>\n<li>Nombre y direcci\u00f3n completa del operador;<\/li>\n<li>Nombre completo del piloto al mando (PIC) \/ licencia \/ certificado m\u00e9dico;<\/li>\n<li>Nombre completo del segundo piloto (SIC) \/ licencia \/ certificado m\u00e9dico;<\/li>\n<li>Informaci\u00f3n sobre el pr\u00f3posito del vuelo.<\/li>\n<\/ul>\n<p>&nbsp;<\/p>\n<p>Para obtener informaci\u00f3n sobre las autorizaciones de vuelos en Am\u00e9rica del Sur y Central, por favor contactenos.<\/p>\n","protected":false},"excerpt":{"rendered":"<p>Permiso de vuelo &nbsp; Martel Asesor\u00eda es una empresa especializada en obtener autorizaciones de vuelos para empresas no regulares y regulares en Brasil, y Am\u00e9rica del Sur (excepto Argentina) y Central. &nbsp; Permisos de vuelos \/ comerciales Las operaciones de vuelos no regulares de car\u00e1cter comercial (charter, aterrizaje t\u00e9cnico o sobrevuelo) demandan la concesi\u00f3n de [&hellip;]<\/p>\n","protected":false},"author":1,"featured_media":0,"parent":0,"menu_order":62,"comment_status":"open","ping_status":"closed","template":"modelo-eventos.php","meta":{"_locale":"es_ES","_original_post":"9","footnotes":""},"class_list":["post-48","page","type-page","status-publish","hentry","es-ES"],"_links":{"self":[{"href":"https:\/\/www.aeromartel.com.br\/wp-json\/wp\/v2\/pages\/48"}],"collection":[{"href":"https:\/\/www.aeromartel.com.br\/wp-json\/wp\/v2\/pages"}],"about":[{"href":"https:\/\/www.aeromartel.com.br\/wp-json\/wp\/v2\/types\/page"}],"author":[{"embeddable":true,"href":"https:\/\/www.aeromartel.com.br\/wp-json\/wp\/v2\/users\/1"}],"replies":[{"embeddable":true,"href":"https:\/\/www.aeromartel.com.br\/wp-json\/wp\/v2\/comments?post=48"}],"version-history":[{"count":18,"href":"https:\/\/www.aeromartel.com.br\/wp-json\/wp\/v2\/pages\/48\/revisions"}],"predecessor-version":[{"id":499,"href":"https:\/\/www.aeromartel.com.br\/wp-json\/wp\/v2\/pages\/48\/revisions\/499"}],"wp:attachment":[{"href":"https:\/\/www.aeromartel.com.br\/wp-json\/wp\/v2\/media?parent=48"}],"curies":[{"name":"wp","href":"https:\/\/api.w.org\/{rel}","templated":true}]}}