{"id":29,"date":"2015-04-20T16:56:29","date_gmt":"2015-04-20T19:56:29","guid":{"rendered":"http:\/\/localhost\/martel_site\/?page_id=29"},"modified":"2025-05-12T17:06:52","modified_gmt":"2025-05-12T20:06:52","slug":"home","status":"publish","type":"page","link":"https:\/\/www.aeromartel.com.br\/","title":{"rendered":"Home"},"content":{"rendered":"<h2>Estimados amigos, clientes y proveedores<\/h2>\n<p>Con profundo pesar, informamos que nuestro estimado Luiz Carlos Gomes, nuestro Gerente de Operaciones, falleci\u00f3 el domingo 11 de mayo de 2025.<\/p>\n<p>Nos sentimos muy orgullosos y honrados de haber presenciado, durante m\u00e1s de 25 a\u00f1os, la amabilidad y la competencia que Luiz Carlos dedic\u00f3 a su trabajo.<\/p>\n<p>Por este motivo, a partir de hoy, suspendemos la direcci\u00f3n de correo electr\u00f3nico luiz@aeromartel.com.br y el tel\u00e9fono celular 55 21 55 21 98258-7573.<\/p>\n<p>Para cualquier comunicaci\u00f3n, por favor, cont\u00e1ctenos a trav\u00e9s de nuestras otras direcciones de correo electr\u00f3nico y n\u00fameros de tel\u00e9fono celular, como se indica\u00a0a\u00a0continuaci\u00f3n:<\/p>\n<p><strong>Departamento de Operaciones<\/strong><\/p>\n<p>pedro@aeromartel.com.br \u2013 55 21 98751 3940<\/p>\n<p>ops@aeromartel.com.br<\/p>\n<p>artur@aeromartel.com.br \u2013 55 21 99222 1509<\/p>\n<p>tatiana@aeromartel.com.br \u2013 55 21 98148 6698<\/p>\n<p><strong>Departamento Financiero<\/strong><\/p>\n<p>financeiro@aeromartel.com.br \u2013 55 21 99862 0798<\/p>\n<p>tatiana@aeromartel.com.br \u2013 55 21 98148 6698<\/p>\n<p><strong>Departamento Legal<\/strong><\/p>\n<p>paulla@aeromartel.com.br \u2013 55 21 99208 0892<\/p>\n<p>tatiana@aeromartel.com.br \u2013 55 21 98148 6698<\/p>\n","protected":false},"excerpt":{"rendered":"<p>Estimados amigos, clientes y proveedores Con profundo pesar, informamos que nuestro estimado Luiz Carlos Gomes, nuestro Gerente de Operaciones, falleci\u00f3 el domingo 11 de mayo de 2025. Nos sentimos muy orgullosos y honrados de haber presenciado, durante m\u00e1s de 25 a\u00f1os, la amabilidad y la competencia que Luiz Carlos dedic\u00f3 a su trabajo. Por este [&hellip;]<\/p>\n","protected":false},"author":1,"featured_media":0,"parent":0,"menu_order":12,"comment_status":"open","ping_status":"closed","template":"modelo-inicial.php","meta":{"_locale":"es_ES","_original_post":"2","footnotes":""},"class_list":["post-29","page","type-page","status-publish","hentry","es-ES"],"_links":{"self":[{"href":"https:\/\/www.aeromartel.com.br\/wp-json\/wp\/v2\/pages\/29"}],"collection":[{"href":"https:\/\/www.aeromartel.com.br\/wp-json\/wp\/v2\/pages"}],"about":[{"href":"https:\/\/www.aeromartel.com.br\/wp-json\/wp\/v2\/types\/page"}],"author":[{"embeddable":true,"href":"https:\/\/www.aeromartel.com.br\/wp-json\/wp\/v2\/users\/1"}],"replies":[{"embeddable":true,"href":"https:\/\/www.aeromartel.com.br\/wp-json\/wp\/v2\/comments?post=29"}],"version-history":[{"count":22,"href":"https:\/\/www.aeromartel.com.br\/wp-json\/wp\/v2\/pages\/29\/revisions"}],"predecessor-version":[{"id":675,"href":"https:\/\/www.aeromartel.com.br\/wp-json\/wp\/v2\/pages\/29\/revisions\/675"}],"wp:attachment":[{"href":"https:\/\/www.aeromartel.com.br\/wp-json\/wp\/v2\/media?parent=29"}],"curies":[{"name":"wp","href":"https:\/\/api.w.org\/{rel}","templated":true}]}}